{"id":196,"date":"2021-02-28T10:15:59","date_gmt":"2021-02-28T09:15:59","guid":{"rendered":"http:\/\/motorschirmfreunde-pfalz.de\/web\/?page_id=196"},"modified":"2025-12-08T10:02:55","modified_gmt":"2025-12-08T09:02:55","slug":"impressum","status":"publish","type":"page","link":"https:\/\/motorschirmfreunde-pfalz.de\/web\/impressum\/","title":{"rendered":"Impressum"},"content":{"rendered":"\n<p>Angaben gem\u00e4\u00df \u00a7 5 TMG<\/p>\n\n\n\n<p>Motorschirmfreunde Pfalz e.V.<br>Friedhofstra\u00dfe 15<br>67269 Gr\u00fcnstadt<\/p>\n\n\n\n<p><strong>Vertreten durch:<\/strong><br>Dr. Ralph Wunderlich (1. Vorsitzender)<\/p>\n\n\n\n<p><strong>Kontakt:<\/strong><br>E-Mail:&nbsp;<a type=\"mailto\" id=\"mailto:vorstand@motorschirmfreunde-pfalz.de\" href=\"mailto:vorstand@motorschirmfreunde-pfalz.de\">vorstand@motorschirmfreunde-pfalz.de<\/a><\/p>\n\n\n\n<p><strong>Registereintrag:<\/strong><br>Eintragung im Registergericht: Ludwigshafen<br>Registernummer: VR 60704<\/p>\n\n\n\n<p><strong>Aufsichtsbeh\u00f6rde:<\/strong><br>Amtsgericht Ludwigshafen a. Rhein<\/p>\n\n\n\n<p><strong>Verantwortlich f\u00fcr den Inhalt nach \u00a7 55 Abs. 2 RStV:<\/strong><br>Dr. Ralph Wunderlich (siehe oben)<\/p>\n\n\n\n<p><strong>Haftungsausschluss:<\/strong><br><br><strong>Haftung f\u00fcr Inhalte<\/strong><br><br>Die Inhalte unserer Seiten wurden mit gr\u00f6\u00dfter Sorgfalt erstellt. F\u00fcr die Richtigkeit, Vollst\u00e4ndigkeit und Aktualit\u00e4t der Inhalte k\u00f6nnen wir jedoch keine Gew\u00e4hr \u00fcbernehmen. Als Diensteanbieter sind wir gem\u00e4\u00df \u00a7 7 Abs.1 TMG f\u00fcr eigene Inhalte auf diesen Seiten nach den allgemeinen Gesetzen verantwortlich. Nach \u00a7\u00a7 8 bis 10 TMG sind wir als Diensteanbieter jedoch nicht verpflichtet, \u00fcbermittelte oder gespeicherte fremde Informationen zu \u00fcberwachen oder nach Umst\u00e4nden zu forschen, die auf eine rechtswidrige T\u00e4tigkeit hinweisen. Verpflichtungen zur Entfernung oder Sperrung der Nutzung von Informationen nach den allgemeinen Gesetzen bleiben hiervon unber\u00fchrt. Eine diesbez\u00fcgliche Haftung ist jedoch erst ab dem Zeitpunkt der Kenntnis einer konkreten Rechtsverletzung m\u00f6glich. Bei Bekanntwerden von entsprechenden Rechtsverletzungen werden wir diese Inhalte umgehend entfernen.<br><br><strong>Haftung f\u00fcr Links<\/strong><br><br>Unser Angebot enth\u00e4lt Links zu externen Webseiten Dritter, auf deren Inhalte wir keinen Einfluss haben. Deshalb k\u00f6nnen wir f\u00fcr diese fremden Inhalte auch keine Gew\u00e4hr \u00fcbernehmen. F\u00fcr die Inhalte der verlinkten Seiten ist stets der jeweilige Anbieter oder Betreiber der Seiten verantwortlich. Die verlinkten Seiten wurden zum Zeitpunkt der Verlinkung auf m\u00f6gliche Rechtsverst\u00f6\u00dfe \u00fcberpr\u00fcft. Rechtswidrige Inhalte waren zum Zeitpunkt der Verlinkung nicht erkennbar. Eine permanente inhaltliche Kontrolle der verlinkten Seiten ist jedoch ohne konkrete Anhaltspunkte einer Rechtsverletzung nicht zumutbar. Bei Bekanntwerden von Rechtsverletzungen werden wir derartige Links umgehend entfernen.<\/p>\n\n\n\n<p>Impressum vom&nbsp;<a href=\"https:\/\/www.impressum-generator.de\/\">Impressum Generator<\/a>&nbsp;der&nbsp;<a href=\"https:\/\/www.kanzlei-hasselbach.de\/\">Kanzlei Hasselbach, Rechtsanw\u00e4lte f\u00fcr Arbeitsrecht und Familienrecht<\/a><\/p>\n","protected":false},"excerpt":{"rendered":"<p>Angaben gem\u00e4\u00df \u00a7 5 TMG Motorschirmfreunde Pfalz e.V.Friedhofstra\u00dfe 1567269 Gr\u00fcnstadt Vertreten durch:Dr. Ralph Wunderlich (1. Vorsitzender) Kontakt:E-Mail:&nbsp;vorstand@motorschirmfreunde-pfalz.de Registereintrag:Eintragung im Registergericht: LudwigshafenRegisternummer: VR 60704 Aufsichtsbeh\u00f6rde:Amtsgericht Ludwigshafen a. Rhein Verantwortlich f\u00fcr den Inhalt nach \u00a7 55 Abs. 2 RStV:Dr. Ralph Wunderlich (siehe oben) Haftungsausschluss: Haftung f\u00fcr Inhalte Die Inhalte unserer Seiten wurden mit gr\u00f6\u00dfter Sorgfalt erstellt. F\u00fcr&hellip;&nbsp;<a href=\"https:\/\/motorschirmfreunde-pfalz.de\/web\/impressum\/\" class=\"\" rel=\"bookmark\">Weiterlesen &raquo;<span class=\"screen-reader-text\">Impressum<\/span><\/a><\/p>\n","protected":false},"author":2,"featured_media":0,"parent":0,"menu_order":0,"comment_status":"closed","ping_status":"closed","template":"","meta":{"neve_meta_sidebar":"full-width","neve_meta_container":"","neve_meta_enable_content_width":"on","neve_meta_content_width":100,"neve_meta_title_alignment":"","neve_meta_author_avatar":"","neve_post_elements_order":"","neve_meta_disable_header":"","neve_meta_disable_footer":"","neve_meta_disable_title":""},"yoast_head":"<!-- This site is optimized with the Yoast SEO plugin v19.9 - https:\/\/yoast.com\/wordpress\/plugins\/seo\/ -->\n<title>Impressum - Willkommen beim Motorschirm-Freunde-Pfalz e.V.<\/title>\n<meta name=\"robots\" content=\"noindex, nofollow\" \/>\n<meta property=\"og:locale\" content=\"de_DE\" \/>\n<meta property=\"og:type\" content=\"article\" \/>\n<meta property=\"og:title\" content=\"Impressum - Willkommen beim Motorschirm-Freunde-Pfalz e.V.\" \/>\n<meta property=\"og:description\" content=\"Angaben gem\u00e4\u00df \u00a7 5 TMG Motorschirmfreunde Pfalz e.V.Friedhofstra\u00dfe 1567269 Gr\u00fcnstadt Vertreten durch:Dr. Ralph Wunderlich (1. Vorsitzender) Kontakt:E-Mail:&nbsp;vorstand@motorschirmfreunde-pfalz.de Registereintrag:Eintragung im Registergericht: LudwigshafenRegisternummer: VR 60704 Aufsichtsbeh\u00f6rde:Amtsgericht Ludwigshafen a. Rhein Verantwortlich f\u00fcr den Inhalt nach \u00a7 55 Abs. 2 RStV:Dr. Ralph Wunderlich (siehe oben) Haftungsausschluss: Haftung f\u00fcr Inhalte Die Inhalte unserer Seiten wurden mit gr\u00f6\u00dfter Sorgfalt erstellt. F\u00fcr&hellip;&nbsp;Weiterlesen &raquo;Impressum\" \/>\n<meta property=\"og:url\" content=\"https:\/\/motorschirmfreunde-pfalz.de\/web\/impressum\/\" \/>\n<meta property=\"og:site_name\" content=\"Willkommen beim Motorschirm-Freunde-Pfalz e.V.\" \/>\n<meta property=\"article:modified_time\" content=\"2025-12-08T09:02:55+00:00\" \/>\n<meta name=\"twitter:card\" content=\"summary_large_image\" \/>\n<meta name=\"twitter:label1\" content=\"Gesch\u00e4tzte Lesezeit\" \/>\n\t<meta name=\"twitter:data1\" content=\"2\u00a0Minuten\" \/>\n<script type=\"application\/ld+json\" class=\"yoast-schema-graph\">{\"@context\":\"https:\/\/schema.org\",\"@graph\":[{\"@type\":\"WebPage\",\"@id\":\"https:\/\/motorschirmfreunde-pfalz.de\/web\/impressum\/\",\"url\":\"https:\/\/motorschirmfreunde-pfalz.de\/web\/impressum\/\",\"name\":\"Impressum - Willkommen beim Motorschirm-Freunde-Pfalz e.V.\",\"isPartOf\":{\"@id\":\"https:\/\/motorschirmfreunde-pfalz.de\/web\/#website\"},\"datePublished\":\"2021-02-28T09:15:59+00:00\",\"dateModified\":\"2025-12-08T09:02:55+00:00\",\"breadcrumb\":{\"@id\":\"https:\/\/motorschirmfreunde-pfalz.de\/web\/impressum\/#breadcrumb\"},\"inLanguage\":\"de\",\"potentialAction\":[{\"@type\":\"ReadAction\",\"target\":[\"https:\/\/motorschirmfreunde-pfalz.de\/web\/impressum\/\"]}]},{\"@type\":\"BreadcrumbList\",\"@id\":\"https:\/\/motorschirmfreunde-pfalz.de\/web\/impressum\/#breadcrumb\",\"itemListElement\":[{\"@type\":\"ListItem\",\"position\":1,\"name\":\"Startseite\",\"item\":\"https:\/\/motorschirmfreunde-pfalz.de\/web\/\"},{\"@type\":\"ListItem\",\"position\":2,\"name\":\"Impressum\"}]},{\"@type\":\"WebSite\",\"@id\":\"https:\/\/motorschirmfreunde-pfalz.de\/web\/#website\",\"url\":\"https:\/\/motorschirmfreunde-pfalz.de\/web\/\",\"name\":\"Willkommen beim Motorschirm-Freunde-Pfalz e.V.\",\"description\":\"Willkommen beim Motorschirm-Freunde-Pfalz e.V.\",\"publisher\":{\"@id\":\"https:\/\/motorschirmfreunde-pfalz.de\/web\/#organization\"},\"potentialAction\":[{\"@type\":\"SearchAction\",\"target\":{\"@type\":\"EntryPoint\",\"urlTemplate\":\"https:\/\/motorschirmfreunde-pfalz.de\/web\/?s={search_term_string}\"},\"query-input\":\"required name=search_term_string\"}],\"inLanguage\":\"de\"},{\"@type\":\"Organization\",\"@id\":\"https:\/\/motorschirmfreunde-pfalz.de\/web\/#organization\",\"name\":\"Willkommen beim Motorschirm-Freunde-Pfalz e.V.\",\"url\":\"https:\/\/motorschirmfreunde-pfalz.de\/web\/\",\"logo\":{\"@type\":\"ImageObject\",\"inLanguage\":\"de\",\"@id\":\"https:\/\/motorschirmfreunde-pfalz.de\/web\/#\/schema\/logo\/image\/\",\"url\":\"https:\/\/motorschirmfreunde-pfalz.de\/web\/wp-content\/uploads\/2021\/02\/cropped-Logo-4.jpg\",\"contentUrl\":\"https:\/\/motorschirmfreunde-pfalz.de\/web\/wp-content\/uploads\/2021\/02\/cropped-Logo-4.jpg\",\"width\":478,\"height\":204,\"caption\":\"Willkommen beim Motorschirm-Freunde-Pfalz e.V.\"},\"image\":{\"@id\":\"https:\/\/motorschirmfreunde-pfalz.de\/web\/#\/schema\/logo\/image\/\"}}]}<\/script>\n<!-- \/ Yoast SEO plugin. -->","yoast_head_json":{"title":"Impressum - Willkommen beim Motorschirm-Freunde-Pfalz e.V.","robots":{"index":"noindex","follow":"nofollow"},"og_locale":"de_DE","og_type":"article","og_title":"Impressum - Willkommen beim Motorschirm-Freunde-Pfalz e.V.","og_description":"Angaben gem\u00e4\u00df \u00a7 5 TMG Motorschirmfreunde Pfalz e.V.Friedhofstra\u00dfe 1567269 Gr\u00fcnstadt Vertreten durch:Dr. Ralph Wunderlich (1. Vorsitzender) Kontakt:E-Mail:&nbsp;vorstand@motorschirmfreunde-pfalz.de Registereintrag:Eintragung im Registergericht: LudwigshafenRegisternummer: VR 60704 Aufsichtsbeh\u00f6rde:Amtsgericht Ludwigshafen a. Rhein Verantwortlich f\u00fcr den Inhalt nach \u00a7 55 Abs. 2 RStV:Dr. Ralph Wunderlich (siehe oben) Haftungsausschluss: Haftung f\u00fcr Inhalte Die Inhalte unserer Seiten wurden mit gr\u00f6\u00dfter Sorgfalt erstellt. F\u00fcr&hellip;&nbsp;Weiterlesen &raquo;Impressum","og_url":"https:\/\/motorschirmfreunde-pfalz.de\/web\/impressum\/","og_site_name":"Willkommen beim Motorschirm-Freunde-Pfalz e.V.","article_modified_time":"2025-12-08T09:02:55+00:00","twitter_card":"summary_large_image","twitter_misc":{"Gesch\u00e4tzte Lesezeit":"2\u00a0Minuten"},"schema":{"@context":"https:\/\/schema.org","@graph":[{"@type":"WebPage","@id":"https:\/\/motorschirmfreunde-pfalz.de\/web\/impressum\/","url":"https:\/\/motorschirmfreunde-pfalz.de\/web\/impressum\/","name":"Impressum - Willkommen beim Motorschirm-Freunde-Pfalz e.V.","isPartOf":{"@id":"https:\/\/motorschirmfreunde-pfalz.de\/web\/#website"},"datePublished":"2021-02-28T09:15:59+00:00","dateModified":"2025-12-08T09:02:55+00:00","breadcrumb":{"@id":"https:\/\/motorschirmfreunde-pfalz.de\/web\/impressum\/#breadcrumb"},"inLanguage":"de","potentialAction":[{"@type":"ReadAction","target":["https:\/\/motorschirmfreunde-pfalz.de\/web\/impressum\/"]}]},{"@type":"BreadcrumbList","@id":"https:\/\/motorschirmfreunde-pfalz.de\/web\/impressum\/#breadcrumb","itemListElement":[{"@type":"ListItem","position":1,"name":"Startseite","item":"https:\/\/motorschirmfreunde-pfalz.de\/web\/"},{"@type":"ListItem","position":2,"name":"Impressum"}]},{"@type":"WebSite","@id":"https:\/\/motorschirmfreunde-pfalz.de\/web\/#website","url":"https:\/\/motorschirmfreunde-pfalz.de\/web\/","name":"Willkommen beim Motorschirm-Freunde-Pfalz e.V.","description":"Willkommen beim Motorschirm-Freunde-Pfalz e.V.","publisher":{"@id":"https:\/\/motorschirmfreunde-pfalz.de\/web\/#organization"},"potentialAction":[{"@type":"SearchAction","target":{"@type":"EntryPoint","urlTemplate":"https:\/\/motorschirmfreunde-pfalz.de\/web\/?s={search_term_string}"},"query-input":"required name=search_term_string"}],"inLanguage":"de"},{"@type":"Organization","@id":"https:\/\/motorschirmfreunde-pfalz.de\/web\/#organization","name":"Willkommen beim Motorschirm-Freunde-Pfalz e.V.","url":"https:\/\/motorschirmfreunde-pfalz.de\/web\/","logo":{"@type":"ImageObject","inLanguage":"de","@id":"https:\/\/motorschirmfreunde-pfalz.de\/web\/#\/schema\/logo\/image\/","url":"https:\/\/motorschirmfreunde-pfalz.de\/web\/wp-content\/uploads\/2021\/02\/cropped-Logo-4.jpg","contentUrl":"https:\/\/motorschirmfreunde-pfalz.de\/web\/wp-content\/uploads\/2021\/02\/cropped-Logo-4.jpg","width":478,"height":204,"caption":"Willkommen beim Motorschirm-Freunde-Pfalz e.V."},"image":{"@id":"https:\/\/motorschirmfreunde-pfalz.de\/web\/#\/schema\/logo\/image\/"}}]}},"_links":{"self":[{"href":"https:\/\/motorschirmfreunde-pfalz.de\/web\/wp-json\/wp\/v2\/pages\/196"}],"collection":[{"href":"https:\/\/motorschirmfreunde-pfalz.de\/web\/wp-json\/wp\/v2\/pages"}],"about":[{"href":"https:\/\/motorschirmfreunde-pfalz.de\/web\/wp-json\/wp\/v2\/types\/page"}],"author":[{"embeddable":true,"href":"https:\/\/motorschirmfreunde-pfalz.de\/web\/wp-json\/wp\/v2\/users\/2"}],"replies":[{"embeddable":true,"href":"https:\/\/motorschirmfreunde-pfalz.de\/web\/wp-json\/wp\/v2\/comments?post=196"}],"version-history":[{"count":6,"href":"https:\/\/motorschirmfreunde-pfalz.de\/web\/wp-json\/wp\/v2\/pages\/196\/revisions"}],"predecessor-version":[{"id":321,"href":"https:\/\/motorschirmfreunde-pfalz.de\/web\/wp-json\/wp\/v2\/pages\/196\/revisions\/321"}],"wp:attachment":[{"href":"https:\/\/motorschirmfreunde-pfalz.de\/web\/wp-json\/wp\/v2\/media?parent=196"}],"curies":[{"name":"wp","href":"https:\/\/api.w.org\/{rel}","templated":true}]}}