{"id":168,"date":"2021-02-26T16:38:38","date_gmt":"2021-02-26T15:38:38","guid":{"rendered":"http:\/\/motorschirmfreunde-pfalz.de\/web\/?page_id=168"},"modified":"2025-06-01T14:51:22","modified_gmt":"2025-06-01T12:51:22","slug":"home","status":"publish","type":"page","link":"https:\/\/motorschirmfreunde-pfalz.de\/web\/","title":{"rendered":"\u00dcber die Motorschirm-Freunde-Pfalz"},"content":{"rendered":"\n<p>In 2004 gegr\u00fcndet, sind die Motorschirmfreunde Pfalz mit \u00fcber 40 aktiven und passiven Pilotinnen und Piloten einer der gr\u00f6\u00dften unabh\u00e4ngigen Motorschirmvereine Deutschlands. Mit unserem eigenen, gro\u00dfen Fluggel\u00e4nde in Meckenheim\/Pfalz bieten wir unseren Mitgliedern Flugerlebnisse im Dreil\u00e4ndereck Rheinland-Pfalz, Baden-W\u00fcrttemberg und Hessen. F\u00fcr dieses Gel\u00e4nde haben wir nach einem sechs Jahre andauernden Zulassungsverfahren im Sommer 2018 endlich eine Zulassung nach \u00a76 LuftVG erlangt. Ob Anf\u00e4nger oder \u201ealter Hase\u201c &#8211; der Spa\u00df am gemeinsamen Fliegen steht bei uns im Vordergrund. <\/p>\n\n\n\n<p>Doch nicht nur in der Luft, sondern auch am Boden wird bei uns Geselligkeit &#8222;ohne Vereinsmeierei&#8220; gro\u00df geschrieben. Neben Spargel- und Grillfesten sowie unserer Clubmeisterschaft, sind wir auch auf nationalen und internationalen Motorschirmtreffen immer gerne unterwegs.<\/p>\n\n\n<div class=\"wp-block-image\">\n<figure class=\"aligncenter size-large\"><img loading=\"lazy\" width=\"1024\" height=\"768\" src=\"https:\/\/motorschirmfreunde-pfalz.de\/web\/wp-content\/uploads\/2025\/06\/DSCN0533-1024x768.jpg\" alt=\"\" class=\"wp-image-300\" srcset=\"https:\/\/motorschirmfreunde-pfalz.de\/web\/wp-content\/uploads\/2025\/06\/DSCN0533-1024x768.jpg 1024w, https:\/\/motorschirmfreunde-pfalz.de\/web\/wp-content\/uploads\/2025\/06\/DSCN0533-300x225.jpg 300w, https:\/\/motorschirmfreunde-pfalz.de\/web\/wp-content\/uploads\/2025\/06\/DSCN0533-768x576.jpg 768w, https:\/\/motorschirmfreunde-pfalz.de\/web\/wp-content\/uploads\/2025\/06\/DSCN0533-1536x1152.jpg 1536w, https:\/\/motorschirmfreunde-pfalz.de\/web\/wp-content\/uploads\/2025\/06\/DSCN0533-2048x1536.jpg 2048w\" sizes=\"(max-width: 1024px) 100vw, 1024px\" \/><figcaption>Abendflug zum Rhein<\/figcaption><\/figure><\/div>\n\n\n<h5 class=\"has-text-align-center\">Bild des Monats<\/h5>\n","protected":false},"excerpt":{"rendered":"<p>In 2004 gegr\u00fcndet, sind die Motorschirmfreunde Pfalz mit \u00fcber 40 aktiven und passiven Pilotinnen und Piloten einer der gr\u00f6\u00dften unabh\u00e4ngigen Motorschirmvereine Deutschlands. Mit unserem eigenen, gro\u00dfen Fluggel\u00e4nde in Meckenheim\/Pfalz bieten wir unseren Mitgliedern Flugerlebnisse im Dreil\u00e4ndereck Rheinland-Pfalz, Baden-W\u00fcrttemberg und Hessen. F\u00fcr dieses Gel\u00e4nde haben wir nach einem sechs Jahre andauernden Zulassungsverfahren im Sommer 2018 endlich&hellip;&nbsp;<a href=\"https:\/\/motorschirmfreunde-pfalz.de\/web\/\" class=\"\" rel=\"bookmark\">Weiterlesen &raquo;<span class=\"screen-reader-text\">\u00dcber die Motorschirm-Freunde-Pfalz<\/span><\/a><\/p>\n","protected":false},"author":2,"featured_media":0,"parent":0,"menu_order":0,"comment_status":"closed","ping_status":"closed","template":"","meta":{"neve_meta_sidebar":"","neve_meta_container":"","neve_meta_enable_content_width":"","neve_meta_content_width":0,"neve_meta_title_alignment":"","neve_meta_author_avatar":"","neve_post_elements_order":"","neve_meta_disable_header":"","neve_meta_disable_footer":"","neve_meta_disable_title":""},"yoast_head":"<!-- This site is optimized with the Yoast SEO plugin v19.9 - https:\/\/yoast.com\/wordpress\/plugins\/seo\/ -->\n<title>\u00dcber die Motorschirm-Freunde-Pfalz - Willkommen beim Motorschirm-Freunde-Pfalz e.V.<\/title>\n<meta name=\"robots\" content=\"index, follow, max-snippet:-1, max-image-preview:large, max-video-preview:-1\" \/>\n<link rel=\"canonical\" href=\"https:\/\/motorschirmfreunde-pfalz.de\/web\/\" \/>\n<meta property=\"og:locale\" content=\"de_DE\" \/>\n<meta property=\"og:type\" content=\"article\" \/>\n<meta property=\"og:title\" content=\"\u00dcber die Motorschirm-Freunde-Pfalz - Willkommen beim Motorschirm-Freunde-Pfalz e.V.\" \/>\n<meta property=\"og:description\" content=\"In 2004 gegr\u00fcndet, sind die Motorschirmfreunde Pfalz mit \u00fcber 40 aktiven und passiven Pilotinnen und Piloten einer der gr\u00f6\u00dften unabh\u00e4ngigen Motorschirmvereine Deutschlands. Mit unserem eigenen, gro\u00dfen Fluggel\u00e4nde in Meckenheim\/Pfalz bieten wir unseren Mitgliedern Flugerlebnisse im Dreil\u00e4ndereck Rheinland-Pfalz, Baden-W\u00fcrttemberg und Hessen. F\u00fcr dieses Gel\u00e4nde haben wir nach einem sechs Jahre andauernden Zulassungsverfahren im Sommer 2018 endlich&hellip;&nbsp;Weiterlesen &raquo;\u00dcber die Motorschirm-Freunde-Pfalz\" \/>\n<meta property=\"og:url\" content=\"https:\/\/motorschirmfreunde-pfalz.de\/web\/\" \/>\n<meta property=\"og:site_name\" content=\"Willkommen beim Motorschirm-Freunde-Pfalz e.V.\" \/>\n<meta property=\"article:modified_time\" content=\"2025-06-01T12:51:22+00:00\" \/>\n<meta property=\"og:image\" content=\"https:\/\/motorschirmfreunde-pfalz.de\/web\/wp-content\/uploads\/2025\/06\/DSCN0533-1024x768.jpg\" \/>\n<meta name=\"twitter:card\" content=\"summary_large_image\" \/>\n<meta name=\"twitter:label1\" content=\"Gesch\u00e4tzte Lesezeit\" \/>\n\t<meta name=\"twitter:data1\" content=\"1\u00a0Minute\" \/>\n<script type=\"application\/ld+json\" class=\"yoast-schema-graph\">{\"@context\":\"https:\/\/schema.org\",\"@graph\":[{\"@type\":\"WebPage\",\"@id\":\"https:\/\/motorschirmfreunde-pfalz.de\/web\/\",\"url\":\"https:\/\/motorschirmfreunde-pfalz.de\/web\/\",\"name\":\"\u00dcber die Motorschirm-Freunde-Pfalz - Willkommen beim Motorschirm-Freunde-Pfalz e.V.\",\"isPartOf\":{\"@id\":\"https:\/\/motorschirmfreunde-pfalz.de\/web\/#website\"},\"datePublished\":\"2021-02-26T15:38:38+00:00\",\"dateModified\":\"2025-06-01T12:51:22+00:00\",\"breadcrumb\":{\"@id\":\"https:\/\/motorschirmfreunde-pfalz.de\/web\/#breadcrumb\"},\"inLanguage\":\"de\",\"potentialAction\":[{\"@type\":\"ReadAction\",\"target\":[\"https:\/\/motorschirmfreunde-pfalz.de\/web\/\"]}]},{\"@type\":\"BreadcrumbList\",\"@id\":\"https:\/\/motorschirmfreunde-pfalz.de\/web\/#breadcrumb\",\"itemListElement\":[{\"@type\":\"ListItem\",\"position\":1,\"name\":\"Startseite\",\"item\":\"https:\/\/motorschirmfreunde-pfalz.de\/web\/\"},{\"@type\":\"ListItem\",\"position\":2,\"name\":\"\u00dcber die Motorschirm-Freunde-Pfalz\"}]},{\"@type\":\"WebSite\",\"@id\":\"https:\/\/motorschirmfreunde-pfalz.de\/web\/#website\",\"url\":\"https:\/\/motorschirmfreunde-pfalz.de\/web\/\",\"name\":\"Willkommen beim Motorschirm-Freunde-Pfalz e.V.\",\"description\":\"Willkommen beim Motorschirm-Freunde-Pfalz e.V.\",\"publisher\":{\"@id\":\"https:\/\/motorschirmfreunde-pfalz.de\/web\/#organization\"},\"potentialAction\":[{\"@type\":\"SearchAction\",\"target\":{\"@type\":\"EntryPoint\",\"urlTemplate\":\"https:\/\/motorschirmfreunde-pfalz.de\/web\/?s={search_term_string}\"},\"query-input\":\"required name=search_term_string\"}],\"inLanguage\":\"de\"},{\"@type\":\"Organization\",\"@id\":\"https:\/\/motorschirmfreunde-pfalz.de\/web\/#organization\",\"name\":\"Willkommen beim Motorschirm-Freunde-Pfalz e.V.\",\"url\":\"https:\/\/motorschirmfreunde-pfalz.de\/web\/\",\"logo\":{\"@type\":\"ImageObject\",\"inLanguage\":\"de\",\"@id\":\"https:\/\/motorschirmfreunde-pfalz.de\/web\/#\/schema\/logo\/image\/\",\"url\":\"https:\/\/motorschirmfreunde-pfalz.de\/web\/wp-content\/uploads\/2021\/02\/cropped-Logo-4.jpg\",\"contentUrl\":\"https:\/\/motorschirmfreunde-pfalz.de\/web\/wp-content\/uploads\/2021\/02\/cropped-Logo-4.jpg\",\"width\":478,\"height\":204,\"caption\":\"Willkommen beim Motorschirm-Freunde-Pfalz e.V.\"},\"image\":{\"@id\":\"https:\/\/motorschirmfreunde-pfalz.de\/web\/#\/schema\/logo\/image\/\"}}]}<\/script>\n<!-- \/ Yoast SEO plugin. -->","yoast_head_json":{"title":"\u00dcber die Motorschirm-Freunde-Pfalz - Willkommen beim Motorschirm-Freunde-Pfalz e.V.","robots":{"index":"index","follow":"follow","max-snippet":"max-snippet:-1","max-image-preview":"max-image-preview:large","max-video-preview":"max-video-preview:-1"},"canonical":"https:\/\/motorschirmfreunde-pfalz.de\/web\/","og_locale":"de_DE","og_type":"article","og_title":"\u00dcber die Motorschirm-Freunde-Pfalz - Willkommen beim Motorschirm-Freunde-Pfalz e.V.","og_description":"In 2004 gegr\u00fcndet, sind die Motorschirmfreunde Pfalz mit \u00fcber 40 aktiven und passiven Pilotinnen und Piloten einer der gr\u00f6\u00dften unabh\u00e4ngigen Motorschirmvereine Deutschlands. Mit unserem eigenen, gro\u00dfen Fluggel\u00e4nde in Meckenheim\/Pfalz bieten wir unseren Mitgliedern Flugerlebnisse im Dreil\u00e4ndereck Rheinland-Pfalz, Baden-W\u00fcrttemberg und Hessen. F\u00fcr dieses Gel\u00e4nde haben wir nach einem sechs Jahre andauernden Zulassungsverfahren im Sommer 2018 endlich&hellip;&nbsp;Weiterlesen &raquo;\u00dcber die Motorschirm-Freunde-Pfalz","og_url":"https:\/\/motorschirmfreunde-pfalz.de\/web\/","og_site_name":"Willkommen beim Motorschirm-Freunde-Pfalz e.V.","article_modified_time":"2025-06-01T12:51:22+00:00","og_image":[{"url":"https:\/\/motorschirmfreunde-pfalz.de\/web\/wp-content\/uploads\/2025\/06\/DSCN0533-1024x768.jpg"}],"twitter_card":"summary_large_image","twitter_misc":{"Gesch\u00e4tzte Lesezeit":"1\u00a0Minute"},"schema":{"@context":"https:\/\/schema.org","@graph":[{"@type":"WebPage","@id":"https:\/\/motorschirmfreunde-pfalz.de\/web\/","url":"https:\/\/motorschirmfreunde-pfalz.de\/web\/","name":"\u00dcber die Motorschirm-Freunde-Pfalz - Willkommen beim Motorschirm-Freunde-Pfalz e.V.","isPartOf":{"@id":"https:\/\/motorschirmfreunde-pfalz.de\/web\/#website"},"datePublished":"2021-02-26T15:38:38+00:00","dateModified":"2025-06-01T12:51:22+00:00","breadcrumb":{"@id":"https:\/\/motorschirmfreunde-pfalz.de\/web\/#breadcrumb"},"inLanguage":"de","potentialAction":[{"@type":"ReadAction","target":["https:\/\/motorschirmfreunde-pfalz.de\/web\/"]}]},{"@type":"BreadcrumbList","@id":"https:\/\/motorschirmfreunde-pfalz.de\/web\/#breadcrumb","itemListElement":[{"@type":"ListItem","position":1,"name":"Startseite","item":"https:\/\/motorschirmfreunde-pfalz.de\/web\/"},{"@type":"ListItem","position":2,"name":"\u00dcber die Motorschirm-Freunde-Pfalz"}]},{"@type":"WebSite","@id":"https:\/\/motorschirmfreunde-pfalz.de\/web\/#website","url":"https:\/\/motorschirmfreunde-pfalz.de\/web\/","name":"Willkommen beim Motorschirm-Freunde-Pfalz e.V.","description":"Willkommen beim Motorschirm-Freunde-Pfalz e.V.","publisher":{"@id":"https:\/\/motorschirmfreunde-pfalz.de\/web\/#organization"},"potentialAction":[{"@type":"SearchAction","target":{"@type":"EntryPoint","urlTemplate":"https:\/\/motorschirmfreunde-pfalz.de\/web\/?s={search_term_string}"},"query-input":"required name=search_term_string"}],"inLanguage":"de"},{"@type":"Organization","@id":"https:\/\/motorschirmfreunde-pfalz.de\/web\/#organization","name":"Willkommen beim Motorschirm-Freunde-Pfalz e.V.","url":"https:\/\/motorschirmfreunde-pfalz.de\/web\/","logo":{"@type":"ImageObject","inLanguage":"de","@id":"https:\/\/motorschirmfreunde-pfalz.de\/web\/#\/schema\/logo\/image\/","url":"https:\/\/motorschirmfreunde-pfalz.de\/web\/wp-content\/uploads\/2021\/02\/cropped-Logo-4.jpg","contentUrl":"https:\/\/motorschirmfreunde-pfalz.de\/web\/wp-content\/uploads\/2021\/02\/cropped-Logo-4.jpg","width":478,"height":204,"caption":"Willkommen beim Motorschirm-Freunde-Pfalz e.V."},"image":{"@id":"https:\/\/motorschirmfreunde-pfalz.de\/web\/#\/schema\/logo\/image\/"}}]}},"_links":{"self":[{"href":"https:\/\/motorschirmfreunde-pfalz.de\/web\/wp-json\/wp\/v2\/pages\/168"}],"collection":[{"href":"https:\/\/motorschirmfreunde-pfalz.de\/web\/wp-json\/wp\/v2\/pages"}],"about":[{"href":"https:\/\/motorschirmfreunde-pfalz.de\/web\/wp-json\/wp\/v2\/types\/page"}],"author":[{"embeddable":true,"href":"https:\/\/motorschirmfreunde-pfalz.de\/web\/wp-json\/wp\/v2\/users\/2"}],"replies":[{"embeddable":true,"href":"https:\/\/motorschirmfreunde-pfalz.de\/web\/wp-json\/wp\/v2\/comments?post=168"}],"version-history":[{"count":9,"href":"https:\/\/motorschirmfreunde-pfalz.de\/web\/wp-json\/wp\/v2\/pages\/168\/revisions"}],"predecessor-version":[{"id":302,"href":"https:\/\/motorschirmfreunde-pfalz.de\/web\/wp-json\/wp\/v2\/pages\/168\/revisions\/302"}],"wp:attachment":[{"href":"https:\/\/motorschirmfreunde-pfalz.de\/web\/wp-json\/wp\/v2\/media?parent=168"}],"curies":[{"name":"wp","href":"https:\/\/api.w.org\/{rel}","templated":true}]}}